{"id":2,"date":"2023-04-06T11:24:56","date_gmt":"2023-04-06T09:24:56","guid":{"rendered":"https:\/\/www.a4telechargement.fr\/docs\/?page_id=2"},"modified":"2023-04-11T15:54:27","modified_gmt":"2023-04-11T13:54:27","slug":"page-d-exemple","status":"publish","type":"page","link":"https:\/\/www.a4telechargement.fr\/docs\/page-d-exemple\/","title":{"rendered":"RESSOURCES EN LIGNE, EN T\u00c9L\u00c9CHARGEMENT LIBRE"},"content":{"rendered":"\n<p><br>Tous les dossiers techniques et p\u00e9dagogiques des mat\u00e9riels que nous fabriquons sont totalement open source et libre de droit sous Chartre Creative Commons.<br>Nous mettons aussi \u00e0 disposition, toujours en t\u00e9l\u00e9chargement libre, des fichiers de programmation, des fichiers 3D ou STL.<br>Vous trouverez sur la page de chaque produit ayant des ressources disponibles, le lien direct pour t\u00e9l\u00e9charger les fichiers.<br>Vous pouvez aussi naviguer sur notre base documentaire ci-dessous<\/p>\n","protected":false},"excerpt":{"rendered":"<p>Tous les dossiers techniques et p\u00e9dagogiques des mat\u00e9riels que nous fabriquons sont totalement open source et libre de droit sous Chartre Creative Commons.Nous mettons aussi \u00e0 disposition, toujours en t\u00e9l\u00e9chargement libre, des fichiers de programmation, des fichiers 3D ou STL.Vous trouverez sur la page de chaque produit ayant des ressources disponibles, le lien direct pour&hellip;&nbsp;<a href=\"https:\/\/www.a4telechargement.fr\/docs\/page-d-exemple\/\" class=\"\" rel=\"bookmark\">Lire la suite &raquo;<span class=\"screen-reader-text\">RESSOURCES EN LIGNE, EN T\u00c9L\u00c9CHARGEMENT LIBRE<\/span><\/a><\/p>\n","protected":false},"author":1,"featured_media":0,"parent":0,"menu_order":0,"comment_status":"closed","ping_status":"open","template":"","meta":{"neve_meta_sidebar":"","neve_meta_container":"","neve_meta_enable_content_width":"","neve_meta_content_width":0,"neve_meta_title_alignment":"","neve_meta_author_avatar":"","neve_post_elements_order":"","neve_meta_disable_header":"","neve_meta_disable_footer":"","neve_meta_disable_title":""},"_links":{"self":[{"href":"https:\/\/www.a4telechargement.fr\/docs\/wp-json\/wp\/v2\/pages\/2"}],"collection":[{"href":"https:\/\/www.a4telechargement.fr\/docs\/wp-json\/wp\/v2\/pages"}],"about":[{"href":"https:\/\/www.a4telechargement.fr\/docs\/wp-json\/wp\/v2\/types\/page"}],"author":[{"embeddable":true,"href":"https:\/\/www.a4telechargement.fr\/docs\/wp-json\/wp\/v2\/users\/1"}],"replies":[{"embeddable":true,"href":"https:\/\/www.a4telechargement.fr\/docs\/wp-json\/wp\/v2\/comments?post=2"}],"version-history":[{"count":2,"href":"https:\/\/www.a4telechargement.fr\/docs\/wp-json\/wp\/v2\/pages\/2\/revisions"}],"predecessor-version":[{"id":78,"href":"https:\/\/www.a4telechargement.fr\/docs\/wp-json\/wp\/v2\/pages\/2\/revisions\/78"}],"wp:attachment":[{"href":"https:\/\/www.a4telechargement.fr\/docs\/wp-json\/wp\/v2\/media?parent=2"}],"curies":[{"name":"wp","href":"https:\/\/api.w.org\/{rel}","templated":true}]}}